{"id":1437,"date":"2025-06-03T20:44:52","date_gmt":"2025-06-03T18:44:52","guid":{"rendered":"https:\/\/www.musicchallenge.top\/?page_id=1437"},"modified":"2025-06-03T22:00:23","modified_gmt":"2025-06-03T20:00:23","slug":"contact","status":"publish","type":"page","link":"https:\/\/www.musicchallenge.top\/index.php\/contact\/","title":{"rendered":"Contact"},"content":{"rendered":"\t\t<div data-elementor-type=\"wp-page\" data-elementor-id=\"1437\" class=\"elementor elementor-1437\">\n\t\t\t\t<div class=\"elementor-element elementor-element-6d89107 e-flex e-con-boxed e-con e-parent\" data-id=\"6d89107\" data-element_type=\"container\">\n\t\t\t\t\t<div class=\"e-con-inner\">\n\t\t\t\t<div class=\"elementor-element elementor-element-9b02934 elementor-widget elementor-widget-kentha-elementor-qt-cf7\" data-id=\"9b02934\" data-element_type=\"widget\" data-widget_type=\"kentha-elementor-qt-cf7.default\">\n\t\t\t\t<div class=\"elementor-widget-container\">\n\t\t\t\t\t\n<div class=\"wpcf7 no-js\" id=\"wpcf7-f1451-o1\" lang=\"sk-SK\" dir=\"ltr\" data-wpcf7-id=\"1451\">\n<div class=\"screen-reader-response\"><p role=\"status\" aria-live=\"polite\" aria-atomic=\"true\"><\/p> <ul><\/ul><\/div>\n<form action=\"\/index.php\/wp-json\/wp\/v2\/pages\/1437#wpcf7-f1451-o1\" method=\"post\" class=\"wpcf7-form init\" aria-label=\"Kontaktn\u00fd formul\u00e1r\" novalidate=\"novalidate\" data-status=\"init\">\n<fieldset class=\"hidden-fields-container\"><input type=\"hidden\" name=\"_wpcf7\" value=\"1451\" \/><input type=\"hidden\" name=\"_wpcf7_version\" value=\"6.1.2\" \/><input type=\"hidden\" name=\"_wpcf7_locale\" value=\"sk_SK\" \/><input type=\"hidden\" name=\"_wpcf7_unit_tag\" value=\"wpcf7-f1451-o1\" \/><input type=\"hidden\" name=\"_wpcf7_container_post\" value=\"0\" \/><input type=\"hidden\" name=\"_wpcf7_posted_data_hash\" value=\"\" \/>\n<\/fieldset>\n<p><label> Va\u0161e meno<br \/>\n<input size=\"40\" maxlength=\"400\" class=\"wpcf7-form-control wpcf7-text wpcf7-validates-as-required\" autocomplete=\"name\" aria-required=\"true\" aria-invalid=\"false\" value=\"\" type=\"text\" name=\"your-name\" \/> <\/label>\n<\/p>\n<p><label> V\u00e1\u0161 email<br \/>\n<input size=\"40\" maxlength=\"400\" class=\"wpcf7-form-control wpcf7-email wpcf7-validates-as-required wpcf7-text wpcf7-validates-as-email\" autocomplete=\"email\" aria-required=\"true\" aria-invalid=\"false\" value=\"\" type=\"email\" name=\"your-email\" \/> <\/label>\n<\/p>\n<p><label> Predmet<br \/>\n<input size=\"40\" maxlength=\"400\" class=\"wpcf7-form-control wpcf7-text wpcf7-validates-as-required\" aria-required=\"true\" aria-invalid=\"false\" value=\"\" type=\"text\" name=\"your-subject\" \/> <\/label>\n<\/p>\n<p><label> Va\u0161a spr\u00e1va (volite\u013en\u00e9)<br \/>\n<textarea cols=\"40\" rows=\"10\" maxlength=\"2000\" class=\"wpcf7-form-control wpcf7-textarea\" aria-invalid=\"false\" name=\"your-message\"><\/textarea> <\/label>\n<\/p>\n<p><input class=\"wpcf7-form-control wpcf7-submit has-spinner\" type=\"submit\" value=\"Odosla\u0165\" \/>\n<\/p><div class=\"wpcf7-response-output\" aria-hidden=\"true\"><\/div>\n<\/form>\n<\/div>\n\t\t\t\t<\/div>\n\t\t\t\t<\/div>\n\t\t\t\t\t<\/div>\n\t\t\t\t<\/div>\n\t\t\t\t<\/div>\n\t\t","protected":false},"excerpt":{"rendered":"<p>Va\u0161e meno V\u00e1\u0161 email Predmet Va\u0161a spr\u00e1va (volite\u013en\u00e9)<\/p>\n","protected":false},"author":1,"featured_media":0,"parent":0,"menu_order":0,"comment_status":"closed","ping_status":"closed","template":"","meta":{"footnotes":""},"class_list":["post-1437","page","type-page","status-publish","hentry"],"ams_acf":[],"_links":{"self":[{"href":"https:\/\/www.musicchallenge.top\/index.php\/wp-json\/wp\/v2\/pages\/1437","targetHints":{"allow":["GET"]}}],"collection":[{"href":"https:\/\/www.musicchallenge.top\/index.php\/wp-json\/wp\/v2\/pages"}],"about":[{"href":"https:\/\/www.musicchallenge.top\/index.php\/wp-json\/wp\/v2\/types\/page"}],"author":[{"embeddable":true,"href":"https:\/\/www.musicchallenge.top\/index.php\/wp-json\/wp\/v2\/users\/1"}],"replies":[{"embeddable":true,"href":"https:\/\/www.musicchallenge.top\/index.php\/wp-json\/wp\/v2\/comments?post=1437"}],"version-history":[{"count":6,"href":"https:\/\/www.musicchallenge.top\/index.php\/wp-json\/wp\/v2\/pages\/1437\/revisions"}],"predecessor-version":[{"id":1455,"href":"https:\/\/www.musicchallenge.top\/index.php\/wp-json\/wp\/v2\/pages\/1437\/revisions\/1455"}],"wp:attachment":[{"href":"https:\/\/www.musicchallenge.top\/index.php\/wp-json\/wp\/v2\/media?parent=1437"}],"curies":[{"name":"wp","href":"https:\/\/api.w.org\/{rel}","templated":true}]}}